{"id":3,"date":"2025-03-04T18:25:30","date_gmt":"2025-03-04T18:25:30","guid":{"rendered":"http:\/\/www.pocofermata.com\/?page_id=3"},"modified":"2025-05-13T20:15:14","modified_gmt":"2025-05-13T20:15:14","slug":"privacy-policy","status":"publish","type":"page","link":"https:\/\/www.pocofermata.com\/index.php\/privacy-policy\/","title":{"rendered":"Privacy Policy"},"content":{"rendered":"\n<h2 class=\"wp-block-heading\">Kuka olen<\/h2>\n\n\n\n<p>T\u00e4m\u00e4 on henkil\u00f6kohtainen blogini. Verkkosivustoni osoite on: https:\/\/www.pocofermata.com.<\/p>\n\n\n\n<h2 class=\"wp-block-heading\">Kommentit<\/h2>\n\n\n\n<p>Kun j\u00e4t\u00e4t kommentin t\u00e4lle sivustolle, ker\u00e4\u00e4n ne tiedot, jotka n\u00e4kyv\u00e4t kommenttilomakkeessa, sek\u00e4 IP-osoitteesi ja selaimen k\u00e4ytt\u00e4j\u00e4agenttitiedot roskapostin tunnistamista varten.<\/p>\n\n\n\n<p>S\u00e4hk\u00f6postiosoitteestasi luodaan anonymisoitu merkkijono (hash), joka voidaan toimittaa Gravatar-palvelulle. Gravatarin tietosuojak\u00e4yt\u00e4nn\u00f6n voit lukea t\u00e4\u00e4lt\u00e4: <a class=\"\" href=\"https:\/\/automattic.com\/privacy\/\">https:\/\/automattic.com\/privacy\/<\/a>. Kun kommentti on hyv\u00e4ksytty, profiilikuvasi voi n\u00e4ky\u00e4 julkisesti kommentin yhteydess\u00e4.<\/p>\n\n\n\n<h2 class=\"wp-block-heading\">Media<\/h2>\n\n\n\n<p>Jos lataat kuvia sivustolleni, v\u00e4lt\u00e4 kuvien l\u00e4hett\u00e4mist\u00e4, jos niiss\u00e4 on sijaintitietoja (EXIF GPS). Vierailijat voivat ladata ja tarkastella kuvien sijaintitietoja.<\/p>\n\n\n\n<h2 class=\"wp-block-heading\">Ev\u00e4steet<\/h2>\n\n\n\n<p>Jos j\u00e4t\u00e4t kommentin, voit valita tallentavasi nimesi, s\u00e4hk\u00f6postiosoitteesi ja verkkosivustosi ev\u00e4steisiin. N\u00e4in sinun ei tarvitse t\u00e4ytt\u00e4\u00e4 tietojasi uudelleen seuraavan kerran. Ev\u00e4steet s\u00e4ilyv\u00e4t vuoden.<\/p>\n\n\n\n<p>Jos vierailet kirjautumissivulla, selaimeesi asetetaan tilap\u00e4inen ev\u00e4ste tarkistamaan, hyv\u00e4ksyyk\u00f6 selaimesi ev\u00e4steet. Ev\u00e4ste ei sis\u00e4ll\u00e4 henkil\u00f6tietoja ja se poistetaan, kun suljet selaimen.<\/p>\n\n\n\n<p>Kun kirjaudut sis\u00e4\u00e4n, useita ev\u00e4steit\u00e4 asetetaan: osa tallentaa kirjautumistiedot ja osa n\u00e4ytt\u00f6asetukset. Kirjautumisev\u00e4steet s\u00e4ilyv\u00e4t kaksi p\u00e4iv\u00e4\u00e4, n\u00e4ytt\u00f6asetukset vuoden. Jos valitset \u201cMuista minut\u201d, kirjautuminen s\u00e4ilyy kaksi viikkoa. Kirjautuessasi ulos ev\u00e4steet poistetaan.<\/p>\n\n\n\n<p>Jos muokkaat tai julkaiset artikkelin, selaimeesi tallennetaan lis\u00e4ev\u00e4ste, joka sis\u00e4lt\u00e4\u00e4 vain muokatun artikkelin tunnisteen. Se vanhenee vuorokaudessa.<\/p>\n\n\n\n<h2 class=\"wp-block-heading\">Upotettu sis\u00e4lt\u00f6 muilta sivustoilta<\/h2>\n\n\n\n<p>T\u00e4m\u00e4n sivuston artikkelit voivat sis\u00e4lt\u00e4\u00e4 upotettua sis\u00e4lt\u00f6\u00e4 (kuten videoita, kuvia tai artikkeleita). T\u00e4llainen sis\u00e4lt\u00f6 toimii aivan kuten olisit vieraillut itse kyseisell\u00e4 toisella sivustolla.<\/p>\n\n\n\n<p>N\u00e4m\u00e4 sivustot saattavat ker\u00e4t\u00e4 tietoja sinusta, k\u00e4ytt\u00e4\u00e4 ev\u00e4steit\u00e4 ja seurata toimintaasi, erityisesti jos olet kirjautunut kyseisille sivustoille.<\/p>\n\n\n\n<h2 class=\"wp-block-heading\">Kenelle jaan tietojasi<\/h2>\n\n\n\n<p>Jos pyyd\u00e4t salasanan palautusta, IP-osoitteesi sis\u00e4llytet\u00e4\u00e4n palautuss\u00e4hk\u00f6postiin.<\/p>\n\n\n\n<h2 class=\"wp-block-heading\">Kuinka kauan s\u00e4ilyt\u00e4n tietojasi<\/h2>\n\n\n\n<p>Jos j\u00e4t\u00e4t kommentin, s\u00e4ilyt\u00e4n sen ja siihen liittyv\u00e4t tiedot toistaiseksi. N\u00e4in mahdolliset jatkokommentit voidaan hyv\u00e4ksy\u00e4 automaattisesti ilman moderointia.<\/p>\n\n\n\n<p>Jos sinulla on tili sivustollani (jos t\u00e4m\u00e4 ominaisuus on k\u00e4yt\u00f6ss\u00e4), s\u00e4ilyt\u00e4n k\u00e4ytt\u00e4j\u00e4profiiliisi antamasi tiedot. Voit koska tahansa tarkastella, muokata tai poistaa omat henkil\u00f6tietosi (k\u00e4ytt\u00e4j\u00e4nime\u00e4 ei voi vaihtaa). Sivuston yll\u00e4pit\u00e4j\u00e4n\u00e4 voin my\u00f6s tarkastella ja muokata tietoja.<\/p>\n\n\n\n<h2 class=\"wp-block-heading\">Oikeutesi tietoihisi<\/h2>\n\n\n\n<p>Jos sinulla on tili tai olet j\u00e4tt\u00e4nyt kommentteja, voit pyyt\u00e4\u00e4 sinusta tallennetut henkil\u00f6tiedot vientitiedostona. Voit my\u00f6s pyyt\u00e4\u00e4 tietojesi poistamista. T\u00e4m\u00e4 ei koske tietoja, joita minun t\u00e4ytyy s\u00e4ilytt\u00e4\u00e4 lakis\u00e4\u00e4teisist\u00e4 tai tietoturvasyist\u00e4.<\/p>\n\n\n\n<h2 class=\"wp-block-heading\">Minne tietojasi l\u00e4hetet\u00e4\u00e4n<\/h2>\n\n\n\n<p>Kommentit saatetaan tarkistaa automaattisella roskapostintunnistuspalvelulla.<\/p>\n\n\n\n<p><\/p>\n","protected":false},"excerpt":{"rendered":"<p>Kuka olen T\u00e4m\u00e4 on henkil\u00f6kohtainen blogini. Verkkosivustoni osoite on: https:\/\/www.pocofermata.com. Kommentit Kun j\u00e4t\u00e4t kommentin t\u00e4lle sivustolle, ker\u00e4\u00e4n ne tiedot, jotka n\u00e4kyv\u00e4t kommenttilomakkeessa, sek\u00e4 IP-osoitteesi ja selaimen k\u00e4ytt\u00e4j\u00e4agenttitiedot roskapostin tunnistamista varten. S\u00e4hk\u00f6postiosoitteestasi luodaan anonymisoitu merkkijono (hash), joka voidaan toimittaa Gravatar-palvelulle. Gravatarin tietosuojak\u00e4yt\u00e4nn\u00f6n voit lukea t\u00e4\u00e4lt\u00e4: https:\/\/automattic.com\/privacy\/. Kun kommentti on hyv\u00e4ksytty, profiilikuvasi voi n\u00e4ky\u00e4 julkisesti kommentin yhteydess\u00e4&#8230;.<\/p>\n","protected":false},"author":1,"featured_media":0,"parent":0,"menu_order":0,"comment_status":"closed","ping_status":"closed","template":"","meta":{"_kadence_starter_templates_imported_post":false,"_kad_post_transparent":"","_kad_post_title":"","_kad_post_layout":"","_kad_post_sidebar_id":"","_kad_post_content_style":"","_kad_post_vertical_padding":"","_kad_post_feature":"","_kad_post_feature_position":"","_kad_post_header":false,"_kad_post_footer":false,"_kad_post_classname":"","footnotes":""},"class_list":["post-3","page","type-page","status-publish","hentry"],"yoast_head":"<!-- This site is optimized with the Yoast SEO plugin v27.4 - https:\/\/yoast.com\/product\/yoast-seo-wordpress\/ -->\n<title>Privacy Policy - Poco fermata<\/title>\n<meta name=\"robots\" content=\"index, follow, max-snippet:-1, max-image-preview:large, max-video-preview:-1\" \/>\n<link rel=\"canonical\" href=\"https:\/\/www.pocofermata.com\/index.php\/privacy-policy\/\" \/>\n<meta property=\"og:locale\" content=\"en_US\" \/>\n<meta property=\"og:type\" content=\"article\" \/>\n<meta property=\"og:title\" content=\"Privacy Policy - Poco fermata\" \/>\n<meta property=\"og:description\" content=\"Kuka olen T\u00e4m\u00e4 on henkil\u00f6kohtainen blogini. Verkkosivustoni osoite on: https:\/\/www.pocofermata.com. Kommentit Kun j\u00e4t\u00e4t kommentin t\u00e4lle sivustolle, ker\u00e4\u00e4n ne tiedot, jotka n\u00e4kyv\u00e4t kommenttilomakkeessa, sek\u00e4 IP-osoitteesi ja selaimen k\u00e4ytt\u00e4j\u00e4agenttitiedot roskapostin tunnistamista varten. S\u00e4hk\u00f6postiosoitteestasi luodaan anonymisoitu merkkijono (hash), joka voidaan toimittaa Gravatar-palvelulle. Gravatarin tietosuojak\u00e4yt\u00e4nn\u00f6n voit lukea t\u00e4\u00e4lt\u00e4: https:\/\/automattic.com\/privacy\/. Kun kommentti on hyv\u00e4ksytty, profiilikuvasi voi n\u00e4ky\u00e4 julkisesti kommentin yhteydess\u00e4....\" \/>\n<meta property=\"og:url\" content=\"https:\/\/www.pocofermata.com\/index.php\/privacy-policy\/\" \/>\n<meta property=\"og:site_name\" content=\"Poco fermata\" \/>\n<meta property=\"article:modified_time\" content=\"2025-05-13T20:15:14+00:00\" \/>\n<meta name=\"twitter:card\" content=\"summary_large_image\" \/>\n<meta name=\"twitter:label1\" content=\"Est. reading time\" \/>\n\t<meta name=\"twitter:data1\" content=\"2 minutes\" \/>\n<script type=\"application\/ld+json\" class=\"yoast-schema-graph\">{\"@context\":\"https:\\\/\\\/schema.org\",\"@graph\":[{\"@type\":\"WebPage\",\"@id\":\"https:\\\/\\\/www.pocofermata.com\\\/index.php\\\/privacy-policy\\\/\",\"url\":\"https:\\\/\\\/www.pocofermata.com\\\/index.php\\\/privacy-policy\\\/\",\"name\":\"Privacy Policy - Poco fermata\",\"isPartOf\":{\"@id\":\"https:\\\/\\\/www.pocofermata.com\\\/#website\"},\"datePublished\":\"2025-03-04T18:25:30+00:00\",\"dateModified\":\"2025-05-13T20:15:14+00:00\",\"breadcrumb\":{\"@id\":\"https:\\\/\\\/www.pocofermata.com\\\/index.php\\\/privacy-policy\\\/#breadcrumb\"},\"inLanguage\":\"en\",\"potentialAction\":[{\"@type\":\"ReadAction\",\"target\":[\"https:\\\/\\\/www.pocofermata.com\\\/index.php\\\/privacy-policy\\\/\"]}]},{\"@type\":\"BreadcrumbList\",\"@id\":\"https:\\\/\\\/www.pocofermata.com\\\/index.php\\\/privacy-policy\\\/#breadcrumb\",\"itemListElement\":[{\"@type\":\"ListItem\",\"position\":1,\"name\":\"Home\",\"item\":\"https:\\\/\\\/www.pocofermata.com\\\/\"},{\"@type\":\"ListItem\",\"position\":2,\"name\":\"Privacy Policy\"}]},{\"@type\":\"WebSite\",\"@id\":\"https:\\\/\\\/www.pocofermata.com\\\/#website\",\"url\":\"https:\\\/\\\/www.pocofermata.com\\\/\",\"name\":\"Poco fermata\",\"description\":\"Paikka, jossa pys&auml;hty&auml; hetkeksi\",\"publisher\":{\"@id\":\"https:\\\/\\\/www.pocofermata.com\\\/#organization\"},\"potentialAction\":[{\"@type\":\"SearchAction\",\"target\":{\"@type\":\"EntryPoint\",\"urlTemplate\":\"https:\\\/\\\/www.pocofermata.com\\\/?s={search_term_string}\"},\"query-input\":{\"@type\":\"PropertyValueSpecification\",\"valueRequired\":true,\"valueName\":\"search_term_string\"}}],\"inLanguage\":\"en\"},{\"@type\":\"Organization\",\"@id\":\"https:\\\/\\\/www.pocofermata.com\\\/#organization\",\"name\":\"Poco fermata\",\"url\":\"https:\\\/\\\/www.pocofermata.com\\\/\",\"logo\":{\"@type\":\"ImageObject\",\"inLanguage\":\"en\",\"@id\":\"https:\\\/\\\/www.pocofermata.com\\\/#\\\/schema\\\/logo\\\/image\\\/\",\"url\":\"https:\\\/\\\/www.pocofermata.com\\\/wp-content\\\/uploads\\\/2025\\\/05\\\/cropped-logo1.png\",\"contentUrl\":\"https:\\\/\\\/www.pocofermata.com\\\/wp-content\\\/uploads\\\/2025\\\/05\\\/cropped-logo1.png\",\"width\":200,\"height\":146,\"caption\":\"Poco fermata\"},\"image\":{\"@id\":\"https:\\\/\\\/www.pocofermata.com\\\/#\\\/schema\\\/logo\\\/image\\\/\"}}]}<\/script>\n<!-- \/ Yoast SEO plugin. -->","yoast_head_json":{"title":"Privacy Policy - Poco fermata","robots":{"index":"index","follow":"follow","max-snippet":"max-snippet:-1","max-image-preview":"max-image-preview:large","max-video-preview":"max-video-preview:-1"},"canonical":"https:\/\/www.pocofermata.com\/index.php\/privacy-policy\/","og_locale":"en_US","og_type":"article","og_title":"Privacy Policy - Poco fermata","og_description":"Kuka olen T\u00e4m\u00e4 on henkil\u00f6kohtainen blogini. Verkkosivustoni osoite on: https:\/\/www.pocofermata.com. Kommentit Kun j\u00e4t\u00e4t kommentin t\u00e4lle sivustolle, ker\u00e4\u00e4n ne tiedot, jotka n\u00e4kyv\u00e4t kommenttilomakkeessa, sek\u00e4 IP-osoitteesi ja selaimen k\u00e4ytt\u00e4j\u00e4agenttitiedot roskapostin tunnistamista varten. S\u00e4hk\u00f6postiosoitteestasi luodaan anonymisoitu merkkijono (hash), joka voidaan toimittaa Gravatar-palvelulle. Gravatarin tietosuojak\u00e4yt\u00e4nn\u00f6n voit lukea t\u00e4\u00e4lt\u00e4: https:\/\/automattic.com\/privacy\/. Kun kommentti on hyv\u00e4ksytty, profiilikuvasi voi n\u00e4ky\u00e4 julkisesti kommentin yhteydess\u00e4....","og_url":"https:\/\/www.pocofermata.com\/index.php\/privacy-policy\/","og_site_name":"Poco fermata","article_modified_time":"2025-05-13T20:15:14+00:00","twitter_card":"summary_large_image","twitter_misc":{"Est. reading time":"2 minutes"},"schema":{"@context":"https:\/\/schema.org","@graph":[{"@type":"WebPage","@id":"https:\/\/www.pocofermata.com\/index.php\/privacy-policy\/","url":"https:\/\/www.pocofermata.com\/index.php\/privacy-policy\/","name":"Privacy Policy - Poco fermata","isPartOf":{"@id":"https:\/\/www.pocofermata.com\/#website"},"datePublished":"2025-03-04T18:25:30+00:00","dateModified":"2025-05-13T20:15:14+00:00","breadcrumb":{"@id":"https:\/\/www.pocofermata.com\/index.php\/privacy-policy\/#breadcrumb"},"inLanguage":"en","potentialAction":[{"@type":"ReadAction","target":["https:\/\/www.pocofermata.com\/index.php\/privacy-policy\/"]}]},{"@type":"BreadcrumbList","@id":"https:\/\/www.pocofermata.com\/index.php\/privacy-policy\/#breadcrumb","itemListElement":[{"@type":"ListItem","position":1,"name":"Home","item":"https:\/\/www.pocofermata.com\/"},{"@type":"ListItem","position":2,"name":"Privacy Policy"}]},{"@type":"WebSite","@id":"https:\/\/www.pocofermata.com\/#website","url":"https:\/\/www.pocofermata.com\/","name":"Poco fermata","description":"Paikka, jossa pys&auml;hty&auml; hetkeksi","publisher":{"@id":"https:\/\/www.pocofermata.com\/#organization"},"potentialAction":[{"@type":"SearchAction","target":{"@type":"EntryPoint","urlTemplate":"https:\/\/www.pocofermata.com\/?s={search_term_string}"},"query-input":{"@type":"PropertyValueSpecification","valueRequired":true,"valueName":"search_term_string"}}],"inLanguage":"en"},{"@type":"Organization","@id":"https:\/\/www.pocofermata.com\/#organization","name":"Poco fermata","url":"https:\/\/www.pocofermata.com\/","logo":{"@type":"ImageObject","inLanguage":"en","@id":"https:\/\/www.pocofermata.com\/#\/schema\/logo\/image\/","url":"https:\/\/www.pocofermata.com\/wp-content\/uploads\/2025\/05\/cropped-logo1.png","contentUrl":"https:\/\/www.pocofermata.com\/wp-content\/uploads\/2025\/05\/cropped-logo1.png","width":200,"height":146,"caption":"Poco fermata"},"image":{"@id":"https:\/\/www.pocofermata.com\/#\/schema\/logo\/image\/"}}]}},"_links":{"self":[{"href":"https:\/\/www.pocofermata.com\/index.php\/wp-json\/wp\/v2\/pages\/3","targetHints":{"allow":["GET"]}}],"collection":[{"href":"https:\/\/www.pocofermata.com\/index.php\/wp-json\/wp\/v2\/pages"}],"about":[{"href":"https:\/\/www.pocofermata.com\/index.php\/wp-json\/wp\/v2\/types\/page"}],"author":[{"embeddable":true,"href":"https:\/\/www.pocofermata.com\/index.php\/wp-json\/wp\/v2\/users\/1"}],"replies":[{"embeddable":true,"href":"https:\/\/www.pocofermata.com\/index.php\/wp-json\/wp\/v2\/comments?post=3"}],"version-history":[{"count":3,"href":"https:\/\/www.pocofermata.com\/index.php\/wp-json\/wp\/v2\/pages\/3\/revisions"}],"predecessor-version":[{"id":485,"href":"https:\/\/www.pocofermata.com\/index.php\/wp-json\/wp\/v2\/pages\/3\/revisions\/485"}],"wp:attachment":[{"href":"https:\/\/www.pocofermata.com\/index.php\/wp-json\/wp\/v2\/media?parent=3"}],"curies":[{"name":"wp","href":"https:\/\/api.w.org\/{rel}","templated":true}]}}